{"id":103,"date":"2015-02-12T23:08:12","date_gmt":"2015-02-12T22:08:12","guid":{"rendered":"http:\/\/aithusaspringers.com\/hr\/?page_id=103"},"modified":"2015-05-04T10:10:19","modified_gmt":"2015-05-04T08:10:19","slug":"about-us-2","status":"publish","type":"page","link":"https:\/\/aithusaspringers.com\/hr\/?page_id=103","title":{"rendered":"O nama"},"content":{"rendered":"<div id=\"pl-103\"  class=\"panel-layout\" ><div id=\"pg-103-0\"  class=\"panel-grid panel-no-style\" ><div id=\"pgc-103-0-0\"  class=\"panel-grid-cell\" ><div id=\"panel-103-0-0-0\" class=\"so-panel widget widget_black-studio-tinymce widget_black_studio_tinymce panel-first-child panel-last-child\" data-index=\"0\" ><div class=\"textwidget\"><p style=\"text-align: center;\">Uzgajiva\u010dnica Aithusa mala je obiteljska uzgajiva\u010dnica kojoj su temelji na\u0161a ljubav prema psima posebno, izme\u0111u ostalih prema Engleskim \u0161pringer panijelima. Tijekom na\u0161eg odrastanja uvijek smo imali pse - neke \u010distokrvne, a neke ne - bilo je tu Njema\u010dkih ov\u010dara,Koker \u0161panijela, \u0160kotskih ov\u010dara, Retrivera, Pekinezera i ostali pse\u0107ih ljubimaca. Tijekom srednje \u0161kole imao sam dvije Koker \u0161panijelke i s njima nekoliko legla te se pomalo bavio uzgojem. U to vrijeme susreo sam se s pasminom Engleski \u0161pringer \u0161panijel. Jedni dobri prijatelji dali su mi kujicu Cameliu u suvlasni\u0161tvo. Bila je to lijepa kujica krasnog temperamenta iz prvog uve\u017eenog para \u0161pringera u to vrijeme u Hrvatsku: mu\u017ejaka Fondantes Royal Flush i kujice Siegers for Your Eyes Only. Nekoliko godina na\u0161eg zajedni\u010dkog \u017eivota bilo je dovoljno za trajnu ljubav prema toj pasmini nepravedno zapostavljenoj u na\u0161oj zemlji.<\/p>\n<p style=\"text-align: center;\">\u00a0<\/p>\n<p style=\"text-align: center;\"><a href=\"http:\/\/aithusaspringers.com\/wp-content\/uploads\/2015\/02\/Old-photo.jpg\"><img class=\" size-medium wp-image-104 alignleft\" src=\"http:\/\/aithusaspringers.com\/wp-content\/uploads\/2015\/02\/Old-photo-300x204.jpg\" alt=\"Old photo\" width=\"300\" height=\"204\" \/><\/a>Mnogo godina nakon toga nismo dr\u017eali pse, selili se u druge gradove, radili... Do 2010. Jednog dana, surfaju\u0107i internetom prona\u0161ao sam, za mene, jedno posebno leglo... U uzgajiva\u010dnici Tamaam u Poljskoj o\u010dekivalo se leglo iz kombinacije od \u0161ampionke Winterwater Creek's Dancing Queen i Mompesson Striker iz jedne od najpoznatijih svjetskih uzgajiva\u010dnica sa dugogodi\u0161njom tradicijom. \u0160pringeri kakvi mislim da trebaju biti, prekrasnog izgleda i predivnog temperamenta. \u0160to se mene ticalo, dalje nije trebalo tra\u017eiti u svijetu pasa. Kao \u0161to sam i o\u010dekivao, na\u0161li smo krasnu kujicu koja se meni najvi\u0161e svidjela i krenuli u dogovore kako ju dovesti u Hrvatsku.<\/p>\n<p style=\"text-align: center;\">Ne mogu se dovoljno zahvaliti gospo\u0111i Agnieski Banaszk Kulka iz Tamaam uzgajiva\u010dnice \u0161to je omogu\u0107ila da jedan san opet postane stvarnost.<\/p>\n<p>\u00a0Od tog vremena pro\u0161lo je nekoliko godina i na\u0161a draga Luna postala je na\u0161eveliko veselje i ljubav. Uvijek mirna i smirena, a opet puna energije i veselja spremna uvijek za igru... Prava dama u svakom smislu puna energije koju pravi \u0160pringer ima. DIjelili smo mnoge sretne trenutke i uspjehe na izlo\u017ebama, ponovno u\u010de\u010di \"show\" trikove nakon tako mnogo godina ili samo \u0161etaju\u0107i prirodom.<\/p>\n<p>Trenutno imamo samo dvije kujice u uzgajiva\u010dnici koje su ujedno na\u0161e ljubimice, Lunu i njezinu k\u0107er Lili. <br \/>Na\u0161 cilj u uzgoju dr\u017eati se pasminskih odlika i standarda pasmine. Uzgoj zdravih pasa u svakom smislu. Tra\u017eimo lijep izgled ali mo\u017eda jo\u0161 i vi\u0161e, dobar karakter i radne sposobnosti psi\u0107a. Imat \u0107emo legla rijetko, kada smo sigurni da \u0107emo na\u0107i najbolje budu\u0107e vlasnike za njih jednako kao i da smo sigurni da im mi mo\u017eemo pru\u017eiti svu potrebnu njegu koju oni trebaju. Ponosmi smo budu\u0107i da smo tek na po\u010detku tog puta na rezultate koje su ve\u0107 sada neki od na\u0161ih pasa ostvarili u razli\u010ditim sferama. <br \/>Za sve dodatne informacije o nama ili na\u0161em radu sa \u0160pringerima slobodno koristite <a title=\"Kontakt\" href=\"http:\/\/aithusaspringers.com\/hr\/?page_id=108\">kontakt<\/a> link.<\/p>\n<p><a href=\"http:\/\/aithusaspringers.com\/wp-content\/uploads\/2015\/02\/P2149843.jpg\"><img class=\"alignnone  wp-image-251\" src=\"http:\/\/aithusaspringers.com\/wp-content\/uploads\/2015\/02\/P2149843-1024x911.jpg\" alt=\"OLYMPUS DIGITAL CAMERA\" width=\"484\" height=\"431\" \/><\/a><\/p>\n<p>Marin, Korina, Adriana, Marijana, Jadranko, Luna &amp; Lili\u00a0 \u00a0 \u00a0\u00a0 <\/p>\n<\/div><\/div><\/div><\/div><\/div>","protected":false},"excerpt":{"rendered":"<p>Uzgajiva\u010dnica Aithusa mala je obiteljska uzgajiva\u010dnica kojoj su temelji na\u0161a ljubav prema psima posebno, izme\u0111u ostalih prema Engleskim \u0161pringer panijelima. Tijekom na\u0161eg odrastanja uvijek smo imali pse &#8211; neke \u010distokrvne, a neke ne &#8211; bilo je tu Njema\u010dkih ov\u010dara,Koker \u0161panijela, \u0160kotskih ov\u010dara, Retrivera, Pekinezera i ostali pse\u0107ih ljubimaca. Tijekom srednje \u0161kole imao sam dvije Koker [&hellip;]<\/p>\n","protected":false},"author":1,"featured_media":0,"parent":0,"menu_order":0,"comment_status":"closed","ping_status":"open","template":"templates\/template-full-notitle.php","meta":[],"_links":{"self":[{"href":"https:\/\/aithusaspringers.com\/hr\/index.php?rest_route=\/wp\/v2\/pages\/103"}],"collection":[{"href":"https:\/\/aithusaspringers.com\/hr\/index.php?rest_route=\/wp\/v2\/pages"}],"about":[{"href":"https:\/\/aithusaspringers.com\/hr\/index.php?rest_route=\/wp\/v2\/types\/page"}],"author":[{"embeddable":true,"href":"https:\/\/aithusaspringers.com\/hr\/index.php?rest_route=\/wp\/v2\/users\/1"}],"replies":[{"embeddable":true,"href":"https:\/\/aithusaspringers.com\/hr\/index.php?rest_route=%2Fwp%2Fv2%2Fcomments&post=103"}],"version-history":[{"count":18,"href":"https:\/\/aithusaspringers.com\/hr\/index.php?rest_route=\/wp\/v2\/pages\/103\/revisions"}],"predecessor-version":[{"id":549,"href":"https:\/\/aithusaspringers.com\/hr\/index.php?rest_route=\/wp\/v2\/pages\/103\/revisions\/549"}],"wp:attachment":[{"href":"https:\/\/aithusaspringers.com\/hr\/index.php?rest_route=%2Fwp%2Fv2%2Fmedia&parent=103"}],"curies":[{"name":"wp","href":"https:\/\/api.w.org\/{rel}","templated":true}]}}