{"id":136,"date":"2015-02-13T23:50:17","date_gmt":"2015-02-13T22:50:17","guid":{"rendered":"http:\/\/aithusaspringers.com\/hr\/?page_id=136"},"modified":"2015-05-04T11:58:57","modified_gmt":"2015-05-04T09:58:57","slug":"puppies","status":"publish","type":"page","link":"https:\/\/aithusaspringers.com\/hr\/?page_id=136","title":{"rendered":"\u0160tenci"},"content":{"rendered":"<div id=\"pl-136\"  class=\"panel-layout\" ><div id=\"pg-136-0\"  class=\"panel-grid panel-no-style\" ><div id=\"pgc-136-0-0\"  class=\"panel-grid-cell\" ><div id=\"panel-136-0-0-0\" class=\"so-panel widget widget_nav_menu panel-first-child panel-last-child\" data-index=\"0\" ><div class=\"panel-widget-style panel-widget-style-for-136-0-0-0\" ><div class=\"menu-puppy-container\"><ul id=\"menu-puppy\" class=\"menu\"><li id=\"menu-item-307\" class=\"menu-item menu-item-type-post_type menu-item-object-page menu-item-307\"><a href=\"https:\/\/aithusaspringers.com\/hr\/?page_id=277\">P leglo<\/a><\/li>\n<li id=\"menu-item-551\" class=\"menu-item menu-item-type-post_type menu-item-object-page menu-item-551\"><a href=\"https:\/\/aithusaspringers.com\/hr\/?page_id=536\">B leglo<\/a><\/li>\n<li id=\"menu-item-739\" class=\"menu-item menu-item-type-post_type menu-item-object-page menu-item-739\"><a href=\"https:\/\/aithusaspringers.com\/hr\/?page_id=716\">D leglo<\/a><\/li>\n<\/ul><\/div><\/div><\/div><\/div><div id=\"pgc-136-0-1\"  class=\"panel-grid-cell\" ><div id=\"panel-136-0-1-0\" class=\"so-panel widget widget_black-studio-tinymce widget_black_studio_tinymce panel-first-child panel-last-child\" data-index=\"1\" ><div class=\"textwidget\"><p><a href=\"http:\/\/aithusaspringers.com\/wp-content\/uploads\/2015\/02\/Puppies-header.jpg\"><img class=\"alignnone size-large wp-image-144\" src=\"http:\/\/aithusaspringers.com\/wp-content\/uploads\/2015\/02\/Puppies-header-1024x578.jpg\" alt=\"Puppies header\" width=\"720\" height=\"406\" \/><\/a><\/p>\n<p>\u00a0\u0160tenci uzgojeni u na\u0161oj uzgajiva\u010dnici \u017eive u bliskom kontaktu s nama. Dajemo sve od sebe da im omogu\u0107imo svu potrebnu njegu koja im u mladoj dobi treba, posebno u socijalizaciji sa ljudima i drugim psima. Spremni smo odgovoriti na sve upite o pasmini i dr\u017eanju \u0161tenaca i odraslih pasa.<\/p>\n<p>\u0160tenci u na\u0161oj uzgajiva\u010dnici dobiju sve potrebna cjepiva, \u010diste se od nametnika redovito, dobro su uhranjeni i dr\u017eani te dobiju svu na\u0161u ljubav i pa\u017enju maksimalno koliko je to mogu\u0107e.Kada odlaze novim vlasnicima opremljeni su EU putovnicom i \u010dipirani te dobiju na\u0161u potvrdu o kvaliteti i mali dar.<\/p>\n<p>Mi s druge strane poku\u0161avamo prona\u0107i \u0161to bolje vlasnike za njih. Iz tog razloga poku\u0161amo dobiti \u0161to je mogu\u0107e vi\u0161e informacija o potencijalnim vlasnicima i uvjetima u koje idu. Uvjereni smo da je to najbolji mogu\u0107i na\u010din za jo\u0161 jednu sretnu pri\u010du...<\/p>\n<p>Ako ste zainteresirani za \u0161tene iz na\u0161e uzgajiva\u010dnice ili imate kakvo pitanje o pasmini slobodno se obratite kroz na\u0161 <a title=\"Kontakt\" href=\"http:\/\/aithusaspringers.com\/hr\/?page_id=108\">kontakt<\/a> obrazac.<\/p>\n<\/div><\/div><\/div><\/div><\/div>","protected":false},"excerpt":{"rendered":"<p>P leglo B leglo D leglo \u00a0\u0160tenci uzgojeni u na\u0161oj uzgajiva\u010dnici \u017eive u bliskom kontaktu s nama. Dajemo sve od sebe da im omogu\u0107imo svu potrebnu njegu koja im u mladoj dobi treba, posebno u socijalizaciji sa ljudima i drugim psima. Spremni smo odgovoriti na sve upite o pasmini i dr\u017eanju \u0161tenaca i odraslih pasa. [&hellip;]<\/p>\n","protected":false},"author":1,"featured_media":0,"parent":0,"menu_order":0,"comment_status":"closed","ping_status":"closed","template":"templates\/template-full-notitle.php","meta":[],"_links":{"self":[{"href":"https:\/\/aithusaspringers.com\/hr\/index.php?rest_route=\/wp\/v2\/pages\/136"}],"collection":[{"href":"https:\/\/aithusaspringers.com\/hr\/index.php?rest_route=\/wp\/v2\/pages"}],"about":[{"href":"https:\/\/aithusaspringers.com\/hr\/index.php?rest_route=\/wp\/v2\/types\/page"}],"author":[{"embeddable":true,"href":"https:\/\/aithusaspringers.com\/hr\/index.php?rest_route=\/wp\/v2\/users\/1"}],"replies":[{"embeddable":true,"href":"https:\/\/aithusaspringers.com\/hr\/index.php?rest_route=%2Fwp%2Fv2%2Fcomments&post=136"}],"version-history":[{"count":16,"href":"https:\/\/aithusaspringers.com\/hr\/index.php?rest_route=\/wp\/v2\/pages\/136\/revisions"}],"predecessor-version":[{"id":550,"href":"https:\/\/aithusaspringers.com\/hr\/index.php?rest_route=\/wp\/v2\/pages\/136\/revisions\/550"}],"wp:attachment":[{"href":"https:\/\/aithusaspringers.com\/hr\/index.php?rest_route=%2Fwp%2Fv2%2Fmedia&parent=136"}],"curies":[{"name":"wp","href":"https:\/\/api.w.org\/{rel}","templated":true}]}}