{"id":277,"date":"2015-02-24T21:11:34","date_gmt":"2015-02-24T20:11:34","guid":{"rendered":"http:\/\/aithusaspringers.com\/hr\/?page_id=277"},"modified":"2019-05-28T09:50:57","modified_gmt":"2019-05-28T07:50:57","slug":"p-litter","status":"publish","type":"page","link":"https:\/\/aithusaspringers.com\/hr\/?page_id=277","title":{"rendered":"P leglo"},"content":{"rendered":"<h4 style=\"text-align: justify;\">Odli\u010dni \u0161tenci iz ove fantasti\u010dne kombinacije! Dobili smo 3 mu\u0161ka i 6 \u017eenskih psi\u0107a i svi su savr\u0161eni!!!<\/h4>\n<p><a href=\"http:\/\/aithusaspringers.com\/hr\/wp-content\/uploads\/sites\/3\/2015\/02\/297565_257796697585701_462497541_n-e1424813492750.jpg\" data-rel=\"lightbox-image-0\" data-rl_title=\"\u0160pringer \u0161panijel\" data-rl_caption=\"\" title=\"\u0160pringer \u0161panijel\"><img decoding=\"async\" loading=\"lazy\" class=\"alignnone size-full wp-image-299\" src=\"http:\/\/aithusaspringers.com\/hr\/wp-content\/uploads\/sites\/3\/2015\/02\/297565_257796697585701_462497541_n-e1424813492750.jpg\" alt=\"Linmoor Zimply Zalient\" width=\"420\" height=\"278\" \/><\/a><a href=\"http:\/\/aithusaspringers.com\/hr\/wp-content\/uploads\/sites\/3\/2011\/01\/Kasia-i-Luna-e1424813532376.jpg\" data-rel=\"lightbox-image-1\" data-rl_title=\"Kasia i Luna\" data-rl_caption=\"\" title=\"Kasia i Luna\"><img decoding=\"async\" loading=\"lazy\" class=\"alignnone  wp-image-245\" src=\"http:\/\/aithusaspringers.com\/hr\/wp-content\/uploads\/sites\/3\/2011\/01\/Kasia-i-Luna-e1424813532376.jpg\" alt=\"Kasia i Luna\" width=\"433\" height=\"280\" \/><\/a><\/p>\n<h2>\u00a0Linmoor Zimply Zalient\u00a0\u00a0\u00a0\u00a0\u00a0\u00a0\u00a0 \u00a0 \u00a0 \u00a0 \u00a0 \u00a0\u00a0 \u00a0 \u00a0 \u00a0 \u00a0 \u00a0 \u00a0 Dragons Like It Hot Tamaam<\/h2>\n<p>&nbsp;<\/p>\n<p>&nbsp;<\/p>\n<hr \/>\n<h5 style=\"text-align: center;\">De\u010dko 1<br \/>\n<strong>Prince Red Wine At Dionysos Aithusa<\/strong><br \/>\n<a href=\"http:\/\/aithusaspringers.com\/hr\/wp-content\/uploads\/sites\/3\/2015\/02\/Face1.jpg\" data-rel=\"lightbox-image-2\" data-rl_title=\"Face1\" data-rl_caption=\"\" title=\"Face1\"><img decoding=\"async\" loading=\"lazy\" class=\" size-medium wp-image-278 aligncenter\" src=\"http:\/\/aithusaspringers.com\/hr\/wp-content\/uploads\/sites\/3\/2015\/02\/Face1-300x225.jpg\" alt=\"Face1\" width=\"300\" height=\"225\" srcset=\"https:\/\/aithusaspringers.com\/hr\/wp-content\/uploads\/sites\/3\/2015\/02\/Face1-300x225.jpg 300w, https:\/\/aithusaspringers.com\/hr\/wp-content\/uploads\/sites\/3\/2015\/02\/Face1.jpg 1024w\" sizes=\"(max-width: 300px) 100vw, 300px\" \/><br \/>\n<\/a><a href=\"http:\/\/aithusaspringers.com\/hr\/wp-content\/uploads\/sites\/3\/2015\/02\/Standing-boy-1.jpg\" data-rel=\"lightbox-image-3\" data-rl_title=\"Standing boy 1\" data-rl_caption=\"\" title=\"Standing boy 1\"><img decoding=\"async\" loading=\"lazy\" class=\" size-medium wp-image-281 aligncenter\" src=\"http:\/\/aithusaspringers.com\/hr\/wp-content\/uploads\/sites\/3\/2015\/02\/Standing-boy-1-300x225.jpg\" alt=\"Standing boy 1\" width=\"300\" height=\"225\" srcset=\"https:\/\/aithusaspringers.com\/hr\/wp-content\/uploads\/sites\/3\/2015\/02\/Standing-boy-1-300x225.jpg 300w, https:\/\/aithusaspringers.com\/hr\/wp-content\/uploads\/sites\/3\/2015\/02\/Standing-boy-1.jpg 1024w\" sizes=\"(max-width: 300px) 100vw, 300px\" \/><\/a><\/h5>\n<p>&nbsp;<\/p>\n<hr \/>\n<h5 style=\"text-align: center;\">De\u010dko 2<br \/>\n<strong>Pride Of The Other Seaside Aithusa<\/strong><img decoding=\"async\" loading=\"lazy\" class=\" size-medium wp-image-282 aligncenter\" src=\"http:\/\/aithusaspringers.com\/hr\/wp-content\/uploads\/sites\/3\/2015\/02\/Face-boy-2-300x225.jpg\" alt=\"Face boy 2\" width=\"300\" height=\"225\" srcset=\"https:\/\/aithusaspringers.com\/hr\/wp-content\/uploads\/sites\/3\/2015\/02\/Face-boy-2-300x225.jpg 300w, https:\/\/aithusaspringers.com\/hr\/wp-content\/uploads\/sites\/3\/2015\/02\/Face-boy-2.jpg 1024w\" sizes=\"(max-width: 300px) 100vw, 300px\" \/><\/h5>\n<p><a href=\"http:\/\/aithusaspringers.com\/hr\/wp-content\/uploads\/sites\/3\/2015\/02\/Standing-boy-2.jpg\" data-rel=\"lightbox-image-4\" data-rl_title=\"Standing boy 2\" data-rl_caption=\"\" title=\"Standing boy 2\"><img decoding=\"async\" loading=\"lazy\" class=\" size-medium wp-image-283 aligncenter\" src=\"http:\/\/aithusaspringers.com\/hr\/wp-content\/uploads\/sites\/3\/2015\/02\/Standing-boy-2-300x225.jpg\" alt=\"Standing boy 2\" width=\"300\" height=\"225\" srcset=\"https:\/\/aithusaspringers.com\/hr\/wp-content\/uploads\/sites\/3\/2015\/02\/Standing-boy-2-300x225.jpg 300w, https:\/\/aithusaspringers.com\/hr\/wp-content\/uploads\/sites\/3\/2015\/02\/Standing-boy-2.jpg 1024w\" sizes=\"(max-width: 300px) 100vw, 300px\" \/><\/a><\/p>\n<hr \/>\n<h5 style=\"text-align: center;\">De\u010dko 3<br \/>\n<strong>Puppet Master Aithusa<\/strong><img decoding=\"async\" loading=\"lazy\" class=\" size-medium wp-image-284 aligncenter\" src=\"http:\/\/aithusaspringers.com\/hr\/wp-content\/uploads\/sites\/3\/2015\/02\/Face-boy-3-300x225.jpg\" alt=\"Face boy 3\" width=\"300\" height=\"225\" srcset=\"https:\/\/aithusaspringers.com\/hr\/wp-content\/uploads\/sites\/3\/2015\/02\/Face-boy-3-300x225.jpg 300w, https:\/\/aithusaspringers.com\/hr\/wp-content\/uploads\/sites\/3\/2015\/02\/Face-boy-3.jpg 1024w\" sizes=\"(max-width: 300px) 100vw, 300px\" \/><\/h5>\n<p><a href=\"http:\/\/aithusaspringers.com\/hr\/wp-content\/uploads\/sites\/3\/2015\/02\/Standing-boy-3.jpg\" data-rel=\"lightbox-image-5\" data-rl_title=\"Standing boy 3\" data-rl_caption=\"\" title=\"Standing boy 3\"><img decoding=\"async\" loading=\"lazy\" class=\" size-medium wp-image-285 aligncenter\" src=\"http:\/\/aithusaspringers.com\/hr\/wp-content\/uploads\/sites\/3\/2015\/02\/Standing-boy-3-300x225.jpg\" alt=\"Standing boy 3\" width=\"300\" height=\"225\" srcset=\"https:\/\/aithusaspringers.com\/hr\/wp-content\/uploads\/sites\/3\/2015\/02\/Standing-boy-3-300x225.jpg 300w, https:\/\/aithusaspringers.com\/hr\/wp-content\/uploads\/sites\/3\/2015\/02\/Standing-boy-3.jpg 1024w\" sizes=\"(max-width: 300px) 100vw, 300px\" \/><\/a><\/p>\n<hr \/>\n<h5 style=\"text-align: center;\">Cura 1<br \/>\n<strong>Princess I&#8217;m Ready To Be Aithusa (Lili)<\/strong><img decoding=\"async\" loading=\"lazy\" class=\" size-medium wp-image-286 aligncenter\" src=\"http:\/\/aithusaspringers.com\/hr\/wp-content\/uploads\/sites\/3\/2015\/02\/Face-girl-1-300x225.jpg\" alt=\"Face girl 1\" width=\"300\" height=\"225\" srcset=\"https:\/\/aithusaspringers.com\/hr\/wp-content\/uploads\/sites\/3\/2015\/02\/Face-girl-1-300x225.jpg 300w, https:\/\/aithusaspringers.com\/hr\/wp-content\/uploads\/sites\/3\/2015\/02\/Face-girl-1.jpg 1024w\" sizes=\"(max-width: 300px) 100vw, 300px\" \/><\/h5>\n<p style=\"text-align: center;\"><a href=\"http:\/\/aithusaspringers.com\/hr\/wp-content\/uploads\/sites\/3\/2015\/02\/Standing-girl-1.jpg\" data-rel=\"lightbox-image-6\" data-rl_title=\"Standing girl 1\" data-rl_caption=\"\" title=\"Standing girl 1\"><img decoding=\"async\" loading=\"lazy\" class=\" size-medium wp-image-287 aligncenter\" src=\"http:\/\/aithusaspringers.com\/hr\/wp-content\/uploads\/sites\/3\/2015\/02\/Standing-girl-1-300x225.jpg\" alt=\"Standing girl 1\" width=\"300\" height=\"225\" srcset=\"https:\/\/aithusaspringers.com\/hr\/wp-content\/uploads\/sites\/3\/2015\/02\/Standing-girl-1-300x225.jpg 300w, https:\/\/aithusaspringers.com\/hr\/wp-content\/uploads\/sites\/3\/2015\/02\/Standing-girl-1.jpg 1024w\" sizes=\"(max-width: 300px) 100vw, 300px\" \/><\/a><span style=\"color: #333333;\">JCHHR, JCHSLO<\/span>, BOB Puppy x4, J Winner x6, JBOB x6, BOB x4, JBIS2 x2, JBIS3 x1, BIG x1, BIG2 x2, BIS2 x1<\/p>\n<hr \/>\n<h5 style=\"text-align: center;\">Cura 2<br \/>\n<strong>Prestigious Diamond Necklace Aithusa<\/strong><a href=\"http:\/\/aithusaspringers.com\/hr\/wp-content\/uploads\/sites\/3\/2015\/02\/Face-girl-2.jpg\" data-rel=\"lightbox-image-7\" data-rl_title=\"Face girl 2\" data-rl_caption=\"\" title=\"Face girl 2\"><img decoding=\"async\" loading=\"lazy\" class=\" size-medium wp-image-288 aligncenter\" src=\"http:\/\/aithusaspringers.com\/hr\/wp-content\/uploads\/sites\/3\/2015\/02\/Face-girl-2-300x225.jpg\" alt=\"Face girl 2\" width=\"300\" height=\"225\" srcset=\"https:\/\/aithusaspringers.com\/hr\/wp-content\/uploads\/sites\/3\/2015\/02\/Face-girl-2-300x225.jpg 300w, https:\/\/aithusaspringers.com\/hr\/wp-content\/uploads\/sites\/3\/2015\/02\/Face-girl-2.jpg 1024w\" sizes=\"(max-width: 300px) 100vw, 300px\" \/><br \/>\n<\/a><a href=\"http:\/\/aithusaspringers.com\/hr\/wp-content\/uploads\/sites\/3\/2015\/02\/Standing-girl-2.jpg\" data-rel=\"lightbox-image-8\" data-rl_title=\"Standing girl 2\" data-rl_caption=\"\" title=\"Standing girl 2\"><img decoding=\"async\" loading=\"lazy\" class=\" size-medium wp-image-289 aligncenter\" src=\"http:\/\/aithusaspringers.com\/hr\/wp-content\/uploads\/sites\/3\/2015\/02\/Standing-girl-2-300x225.jpg\" alt=\"Standing girl 2\" width=\"300\" height=\"225\" srcset=\"https:\/\/aithusaspringers.com\/hr\/wp-content\/uploads\/sites\/3\/2015\/02\/Standing-girl-2-300x225.jpg 300w, https:\/\/aithusaspringers.com\/hr\/wp-content\/uploads\/sites\/3\/2015\/02\/Standing-girl-2.jpg 1024w\" sizes=\"(max-width: 300px) 100vw, 300px\" \/><\/a><\/h5>\n<hr \/>\n<h5 style=\"text-align: center;\">Cura 3<br \/>\n<strong>Pocket Million Dollar Baby Aithusa<\/strong><br \/>\n<a href=\"http:\/\/aithusaspringers.com\/hr\/wp-content\/uploads\/sites\/3\/2015\/02\/Face-girl-3.jpg\" data-rel=\"lightbox-image-9\" data-rl_title=\"Face girl 3\" data-rl_caption=\"\" title=\"Face girl 3\"><img decoding=\"async\" loading=\"lazy\" class=\"alignnone size-medium wp-image-290\" src=\"http:\/\/aithusaspringers.com\/hr\/wp-content\/uploads\/sites\/3\/2015\/02\/Face-girl-3-300x225.jpg\" alt=\"Face girl 3\" width=\"300\" height=\"225\" srcset=\"https:\/\/aithusaspringers.com\/hr\/wp-content\/uploads\/sites\/3\/2015\/02\/Face-girl-3-300x225.jpg 300w, https:\/\/aithusaspringers.com\/hr\/wp-content\/uploads\/sites\/3\/2015\/02\/Face-girl-3.jpg 1024w\" sizes=\"(max-width: 300px) 100vw, 300px\" \/><\/a><br \/>\n<a href=\"http:\/\/aithusaspringers.com\/hr\/wp-content\/uploads\/sites\/3\/2015\/02\/Standing-girl-3.jpg\" data-rel=\"lightbox-image-10\" data-rl_title=\"Standing girl 3\" data-rl_caption=\"\" title=\"Standing girl 3\"><img decoding=\"async\" loading=\"lazy\" class=\"alignnone size-medium wp-image-291\" src=\"http:\/\/aithusaspringers.com\/hr\/wp-content\/uploads\/sites\/3\/2015\/02\/Standing-girl-3-300x225.jpg\" alt=\"Standing girl 3\" width=\"300\" height=\"225\" srcset=\"https:\/\/aithusaspringers.com\/hr\/wp-content\/uploads\/sites\/3\/2015\/02\/Standing-girl-3-300x225.jpg 300w, https:\/\/aithusaspringers.com\/hr\/wp-content\/uploads\/sites\/3\/2015\/02\/Standing-girl-3.jpg 1024w\" sizes=\"(max-width: 300px) 100vw, 300px\" \/><\/a><\/h5>\n<p style=\"text-align: center;\">Certificirani pas pomaga\u010d u kontroli razine \u0161e\u0107era u krvi. \u010cestitke \u0160ljivi, trenerici Maji Golob i Sodja obitelji!<\/p>\n<hr \/>\n<h5 style=\"text-align: center;\">Cura 4<br \/>\n<strong>Passion Is My Life Aithusa<\/strong><br \/>\n<a href=\"http:\/\/aithusaspringers.com\/hr\/wp-content\/uploads\/sites\/3\/2015\/02\/Face-girl-4.jpg\" data-rel=\"lightbox-image-11\" data-rl_title=\"Face girl 4\" data-rl_caption=\"\" title=\"Face girl 4\"><img decoding=\"async\" loading=\"lazy\" class=\"alignnone size-medium wp-image-292\" src=\"http:\/\/aithusaspringers.com\/hr\/wp-content\/uploads\/sites\/3\/2015\/02\/Face-girl-4-300x225.jpg\" alt=\"Face girl 4\" width=\"300\" height=\"225\" srcset=\"https:\/\/aithusaspringers.com\/hr\/wp-content\/uploads\/sites\/3\/2015\/02\/Face-girl-4-300x225.jpg 300w, https:\/\/aithusaspringers.com\/hr\/wp-content\/uploads\/sites\/3\/2015\/02\/Face-girl-4.jpg 1024w\" sizes=\"(max-width: 300px) 100vw, 300px\" \/><\/a><br \/>\n<a href=\"http:\/\/aithusaspringers.com\/hr\/wp-content\/uploads\/sites\/3\/2015\/02\/Standing-girl-4.jpg\" data-rel=\"lightbox-image-12\" data-rl_title=\"Standing girl 4\" data-rl_caption=\"\" title=\"Standing girl 4\"><img decoding=\"async\" loading=\"lazy\" class=\"alignnone size-medium wp-image-293\" src=\"http:\/\/aithusaspringers.com\/hr\/wp-content\/uploads\/sites\/3\/2015\/02\/Standing-girl-4-300x225.jpg\" alt=\"Standing girl 4\" width=\"300\" height=\"225\" srcset=\"https:\/\/aithusaspringers.com\/hr\/wp-content\/uploads\/sites\/3\/2015\/02\/Standing-girl-4-300x225.jpg 300w, https:\/\/aithusaspringers.com\/hr\/wp-content\/uploads\/sites\/3\/2015\/02\/Standing-girl-4.jpg 1024w\" sizes=\"(max-width: 300px) 100vw, 300px\" \/><\/a><\/h5>\n<hr \/>\n<h5 style=\"text-align: center;\">Cura 5<br \/>\n<strong>Perfect Yes I Am Aithusa<\/strong><br \/>\n<a href=\"http:\/\/aithusaspringers.com\/hr\/wp-content\/uploads\/sites\/3\/2015\/02\/Face-Girl-5.jpg\" data-rel=\"lightbox-image-13\" data-rl_title=\"Face Girl 5\" data-rl_caption=\"\" title=\"Face Girl 5\"><img decoding=\"async\" loading=\"lazy\" class=\"alignnone size-medium wp-image-294\" src=\"http:\/\/aithusaspringers.com\/hr\/wp-content\/uploads\/sites\/3\/2015\/02\/Face-Girl-5-300x225.jpg\" alt=\"Face Girl 5\" width=\"300\" height=\"225\" srcset=\"https:\/\/aithusaspringers.com\/hr\/wp-content\/uploads\/sites\/3\/2015\/02\/Face-Girl-5-300x225.jpg 300w, https:\/\/aithusaspringers.com\/hr\/wp-content\/uploads\/sites\/3\/2015\/02\/Face-Girl-5.jpg 1024w\" sizes=\"(max-width: 300px) 100vw, 300px\" \/><\/a><br \/>\n<a href=\"http:\/\/aithusaspringers.com\/hr\/wp-content\/uploads\/sites\/3\/2015\/02\/Standing-girl-5.jpg\" data-rel=\"lightbox-image-14\" data-rl_title=\"Standing girl 5\" data-rl_caption=\"\" title=\"Standing girl 5\"><img decoding=\"async\" loading=\"lazy\" class=\"alignnone size-medium wp-image-295\" src=\"http:\/\/aithusaspringers.com\/hr\/wp-content\/uploads\/sites\/3\/2015\/02\/Standing-girl-5-300x225.jpg\" alt=\"Standing girl 5\" width=\"300\" height=\"225\" srcset=\"https:\/\/aithusaspringers.com\/hr\/wp-content\/uploads\/sites\/3\/2015\/02\/Standing-girl-5-300x225.jpg 300w, https:\/\/aithusaspringers.com\/hr\/wp-content\/uploads\/sites\/3\/2015\/02\/Standing-girl-5.jpg 1024w\" sizes=\"(max-width: 300px) 100vw, 300px\" \/><\/a><\/h5>\n<hr \/>\n<h5 style=\"text-align: center;\">Cura 6<br \/>\n<strong>Precious Girl Of Mine Aithusa<\/strong><br \/>\n<a href=\"http:\/\/aithusaspringers.com\/hr\/wp-content\/uploads\/sites\/3\/2015\/02\/Face-girl-6.jpg\" data-rel=\"lightbox-image-15\" data-rl_title=\"Face girl 6\" data-rl_caption=\"\" title=\"Face girl 6\"><img decoding=\"async\" loading=\"lazy\" class=\"alignnone size-medium wp-image-296\" src=\"http:\/\/aithusaspringers.com\/hr\/wp-content\/uploads\/sites\/3\/2015\/02\/Face-girl-6-300x225.jpg\" alt=\"Face girl 6\" width=\"300\" height=\"225\" srcset=\"https:\/\/aithusaspringers.com\/hr\/wp-content\/uploads\/sites\/3\/2015\/02\/Face-girl-6-300x225.jpg 300w, https:\/\/aithusaspringers.com\/hr\/wp-content\/uploads\/sites\/3\/2015\/02\/Face-girl-6.jpg 1024w\" sizes=\"(max-width: 300px) 100vw, 300px\" \/><\/a><br \/>\n<a href=\"http:\/\/aithusaspringers.com\/hr\/wp-content\/uploads\/sites\/3\/2015\/02\/Standing-girl-6.jpg\" data-rel=\"lightbox-image-16\" data-rl_title=\"Standing girl 6\" data-rl_caption=\"\" title=\"Standing girl 6\"><img decoding=\"async\" loading=\"lazy\" class=\"alignnone size-medium wp-image-297\" src=\"http:\/\/aithusaspringers.com\/hr\/wp-content\/uploads\/sites\/3\/2015\/02\/Standing-girl-6-300x225.jpg\" alt=\"Standing girl 6\" width=\"300\" height=\"225\" srcset=\"https:\/\/aithusaspringers.com\/hr\/wp-content\/uploads\/sites\/3\/2015\/02\/Standing-girl-6-300x225.jpg 300w, https:\/\/aithusaspringers.com\/hr\/wp-content\/uploads\/sites\/3\/2015\/02\/Standing-girl-6.jpg 1024w\" sizes=\"(max-width: 300px) 100vw, 300px\" \/><\/a><\/h5>\n<p style=\"text-align: center;\">Na najboljem putu da postane terapijski bolni\u010dki pas. Sretno u daljnjem radu Mirna i Nora!<\/p>\n<hr \/>\n<p style=\"text-align: center;\">\n","protected":false},"excerpt":{"rendered":"<p>Odli\u010dni \u0161tenci iz ove fantasti\u010dne kombinacije! Dobili smo 3 mu\u0161ka i 6 \u017eenskih psi\u0107a i svi su savr\u0161eni!!! \u00a0Linmoor Zimply Zalient\u00a0\u00a0\u00a0\u00a0\u00a0\u00a0\u00a0 \u00a0 \u00a0 \u00a0 \u00a0 \u00a0\u00a0 \u00a0 \u00a0 \u00a0 \u00a0 \u00a0 \u00a0 Dragons Like It Hot Tamaam &nbsp; &nbsp; De\u010dko 1 Prince Red Wine At Dionysos Aithusa &nbsp; De\u010dko 2 Pride Of The Other Seaside [&hellip;]<\/p>\n","protected":false},"author":1,"featured_media":0,"parent":0,"menu_order":0,"comment_status":"closed","ping_status":"closed","template":"templates\/template-full-notitle.php","meta":[],"_links":{"self":[{"href":"https:\/\/aithusaspringers.com\/hr\/index.php?rest_route=\/wp\/v2\/pages\/277"}],"collection":[{"href":"https:\/\/aithusaspringers.com\/hr\/index.php?rest_route=\/wp\/v2\/pages"}],"about":[{"href":"https:\/\/aithusaspringers.com\/hr\/index.php?rest_route=\/wp\/v2\/types\/page"}],"author":[{"embeddable":true,"href":"https:\/\/aithusaspringers.com\/hr\/index.php?rest_route=\/wp\/v2\/users\/1"}],"replies":[{"embeddable":true,"href":"https:\/\/aithusaspringers.com\/hr\/index.php?rest_route=%2Fwp%2Fv2%2Fcomments&post=277"}],"version-history":[{"count":20,"href":"https:\/\/aithusaspringers.com\/hr\/index.php?rest_route=\/wp\/v2\/pages\/277\/revisions"}],"predecessor-version":[{"id":544,"href":"https:\/\/aithusaspringers.com\/hr\/index.php?rest_route=\/wp\/v2\/pages\/277\/revisions\/544"}],"wp:attachment":[{"href":"https:\/\/aithusaspringers.com\/hr\/index.php?rest_route=%2Fwp%2Fv2%2Fmedia&parent=277"}],"curies":[{"name":"wp","href":"https:\/\/api.w.org\/{rel}","templated":true}]}}