{"id":613,"date":"2019-05-09T10:13:00","date_gmt":"2019-05-09T08:13:00","guid":{"rendered":"http:\/\/aithusaspringers.com\/hr\/?page_id=613"},"modified":"2019-05-10T14:48:09","modified_gmt":"2019-05-10T12:48:09","slug":"lordsett-cosmopolitan-to-aithusa","status":"publish","type":"page","link":"https:\/\/aithusaspringers.com\/hr\/?page_id=613","title":{"rendered":"Lordsett Cosmopolitan To Aithusa"},"content":{"rendered":"<p><a href=\"http:\/\/aithusaspringers.com\/hr\/wp-content\/uploads\/sites\/3\/2019\/05\/Aithusa_kennel_03_03_2019_17.jpg\" data-rel=\"lightbox-image-0\" data-rl_title=\"Lordsett Cosmopolitan To Aithusa\" data-rl_caption=\"\" title=\"Lordsett Cosmopolitan To Aithusa\"><img decoding=\"async\" loading=\"lazy\" class=\"aligncenter size-full wp-image-615\" src=\"http:\/\/aithusaspringers.com\/hr\/wp-content\/uploads\/sites\/3\/2019\/05\/Aithusa_kennel_03_03_2019_17.jpg\" alt=\"Aithusa_kennel_03_03_2019_17\" width=\"2048\" height=\"1365\" srcset=\"https:\/\/aithusaspringers.com\/hr\/wp-content\/uploads\/sites\/3\/2019\/05\/Aithusa_kennel_03_03_2019_17.jpg 2048w, https:\/\/aithusaspringers.com\/hr\/wp-content\/uploads\/sites\/3\/2019\/05\/Aithusa_kennel_03_03_2019_17-300x200.jpg 300w, https:\/\/aithusaspringers.com\/hr\/wp-content\/uploads\/sites\/3\/2019\/05\/Aithusa_kennel_03_03_2019_17-1024x683.jpg 1024w, https:\/\/aithusaspringers.com\/hr\/wp-content\/uploads\/sites\/3\/2019\/05\/Aithusa_kennel_03_03_2019_17-272x182.jpg 272w\" sizes=\"(max-width: 2048px) 100vw, 2048px\" \/><\/a><\/p>\n<p>Prvi mu\u017ejak do\u0161ao u na\u0161u uzgajiva\u010dnicu iz poznate uzgajiva\u010dnice Lordsett kao prvobirano \u0161tene vrhunskih izlo\u017ebenih roditelja. Pravi \u0161pringer karakter, razigran, drag, dobro\u0107udan i uvijek spreman udovoljiti. Najvi\u0161e od svega voli dru\u0161tvo svoje ljudske obitelji.<\/p>\n<p>&nbsp;<\/p>\n<p style=\"text-align: center;\">U samo dvije godine starosti osvojio:<\/p>\n<p style=\"text-align: center;\">JCH HR<\/p>\n<p style=\"text-align: center;\">JCH SLO<\/p>\n<p style=\"text-align: center;\"><code><div class=\"rl-gallery-container rl-loading\" id=\"rl-gallery-container-1\" data-gallery_id=\"620\"> <div class=\"rl-gallery rl-basicgrid-gallery \" id=\"rl-gallery-1\" data-gallery_no=\"1\"> <div class=\"rl-gallery-item\"><a href=\"https:\/\/aithusaspringers.com\/hr\/wp-content\/uploads\/sites\/3\/2019\/05\/Gric.jpg\" title=\"\" data-rl_title=\"\" class=\"rl-gallery-link\" data-rl_caption=\"\" data-rel=\"lightbox-gallery-1\"><img src=\"https:\/\/aithusaspringers.com\/hr\/wp-content\/uploads\/sites\/3\/2019\/05\/Gric-300x300.jpg\" width=\"300\" height=\"300\" \/><\/a><\/div><div class=\"rl-gallery-item\"><a href=\"https:\/\/aithusaspringers.com\/hr\/wp-content\/uploads\/sites\/3\/2019\/05\/Cosmo4.jpg\" title=\"\" data-rl_title=\"\" class=\"rl-gallery-link\" data-rl_caption=\"\" data-rel=\"lightbox-gallery-1\"><img src=\"https:\/\/aithusaspringers.com\/hr\/wp-content\/uploads\/sites\/3\/2019\/05\/Cosmo4-300x241.jpg\" width=\"300\" height=\"241\" \/><\/a><\/div><div class=\"rl-gallery-item\"><a href=\"https:\/\/aithusaspringers.com\/hr\/wp-content\/uploads\/sites\/3\/2019\/05\/Cosmo-3.jpg\" title=\"\" data-rl_title=\"\" class=\"rl-gallery-link\" data-rl_caption=\"\" data-rel=\"lightbox-gallery-1\"><img src=\"https:\/\/aithusaspringers.com\/hr\/wp-content\/uploads\/sites\/3\/2019\/05\/Cosmo-3-300x199.jpg\" width=\"300\" height=\"199\" \/><\/a><\/div><div class=\"rl-gallery-item\"><a href=\"https:\/\/aithusaspringers.com\/hr\/wp-content\/uploads\/sites\/3\/2019\/05\/Cosmo-1.jpg\" title=\"\" data-rl_title=\"\" class=\"rl-gallery-link\" data-rl_caption=\"\" data-rel=\"lightbox-gallery-1\"><img src=\"https:\/\/aithusaspringers.com\/hr\/wp-content\/uploads\/sites\/3\/2019\/05\/Cosmo-1-300x225.jpg\" width=\"300\" height=\"225\" \/><\/a><\/div><div class=\"rl-gallery-item\"><a href=\"https:\/\/aithusaspringers.com\/hr\/wp-content\/uploads\/sites\/3\/2019\/05\/Cosmo-Zagreb-Cacib.jpg\" title=\"\" data-rl_title=\"\" class=\"rl-gallery-link\" data-rl_caption=\"\" data-rel=\"lightbox-gallery-1\"><img src=\"https:\/\/aithusaspringers.com\/hr\/wp-content\/uploads\/sites\/3\/2019\/05\/Cosmo-Zagreb-Cacib-300x222.jpg\" width=\"300\" height=\"222\" \/><\/a><\/div><div class=\"rl-gallery-item\"><a href=\"https:\/\/aithusaspringers.com\/hr\/wp-content\/uploads\/sites\/3\/2019\/05\/Cosmo-vg.jpg\" title=\"\" data-rl_title=\"\" class=\"rl-gallery-link\" data-rl_caption=\"\" data-rel=\"lightbox-gallery-1\"><img src=\"https:\/\/aithusaspringers.com\/hr\/wp-content\/uploads\/sites\/3\/2019\/05\/Cosmo-vg-300x211.jpg\" width=\"300\" height=\"211\" \/><\/a><\/div><div class=\"rl-gallery-item\"><a href=\"https:\/\/aithusaspringers.com\/hr\/wp-content\/uploads\/sites\/3\/2019\/05\/Cosmo-snijeg.jpg\" title=\"\" data-rl_title=\"\" class=\"rl-gallery-link\" data-rl_caption=\"\" data-rel=\"lightbox-gallery-1\"><img src=\"https:\/\/aithusaspringers.com\/hr\/wp-content\/uploads\/sites\/3\/2019\/05\/Cosmo-snijeg-300x199.jpg\" width=\"300\" height=\"199\" \/><\/a><\/div><div class=\"rl-gallery-item\"><a href=\"https:\/\/aithusaspringers.com\/hr\/wp-content\/uploads\/sites\/3\/2019\/05\/Cosmo-jump.jpg\" title=\"\" data-rl_title=\"\" class=\"rl-gallery-link\" data-rl_caption=\"\" data-rel=\"lightbox-gallery-1\"><img src=\"https:\/\/aithusaspringers.com\/hr\/wp-content\/uploads\/sites\/3\/2019\/05\/Cosmo-jump-200x300.jpg\" width=\"200\" height=\"300\" \/><\/a><\/div><div class=\"rl-gallery-item\"><a href=\"https:\/\/aithusaspringers.com\/hr\/wp-content\/uploads\/sites\/3\/2019\/05\/Cosmo-jbest-ring-Zagreb.jpg\" title=\"\" data-rl_title=\"\" class=\"rl-gallery-link\" data-rl_caption=\"\" data-rel=\"lightbox-gallery-1\"><img src=\"https:\/\/aithusaspringers.com\/hr\/wp-content\/uploads\/sites\/3\/2019\/05\/Cosmo-jbest-ring-Zagreb-238x300.jpg\" width=\"238\" height=\"300\" \/><\/a><\/div><div class=\"rl-gallery-item\"><a href=\"https:\/\/aithusaspringers.com\/hr\/wp-content\/uploads\/sites\/3\/2019\/05\/Cosmo-i-Kori.jpg\" title=\"\" data-rl_title=\"\" class=\"rl-gallery-link\" data-rl_caption=\"\" data-rel=\"lightbox-gallery-1\"><img src=\"https:\/\/aithusaspringers.com\/hr\/wp-content\/uploads\/sites\/3\/2019\/05\/Cosmo-i-Kori-300x189.jpg\" width=\"300\" height=\"189\" \/><\/a><\/div><div class=\"rl-gallery-item\"><a href=\"https:\/\/aithusaspringers.com\/hr\/wp-content\/uploads\/sites\/3\/2019\/05\/Cosmo-graz-leisure.jpg\" title=\"\" data-rl_title=\"\" class=\"rl-gallery-link\" data-rl_caption=\"\" data-rel=\"lightbox-gallery-1\"><img src=\"https:\/\/aithusaspringers.com\/hr\/wp-content\/uploads\/sites\/3\/2019\/05\/Cosmo-graz-leisure-300x169.jpg\" width=\"300\" height=\"169\" \/><\/a><\/div><div class=\"rl-gallery-item\"><a href=\"https:\/\/aithusaspringers.com\/hr\/wp-content\/uploads\/sites\/3\/2019\/05\/Cosmo-cacib-rijeka-bob.jpg\" title=\"\" data-rl_title=\"\" class=\"rl-gallery-link\" data-rl_caption=\"\" data-rel=\"lightbox-gallery-1\"><img src=\"https:\/\/aithusaspringers.com\/hr\/wp-content\/uploads\/sites\/3\/2019\/05\/Cosmo-cacib-rijeka-bob-300x204.jpg\" width=\"300\" height=\"204\" \/><\/a><\/div><div class=\"rl-gallery-item\"><a href=\"https:\/\/aithusaspringers.com\/hr\/wp-content\/uploads\/sites\/3\/2019\/05\/Cosmo-cacib-Rijeka-1.jpg\" title=\"\" data-rl_title=\"\" class=\"rl-gallery-link\" data-rl_caption=\"\" data-rel=\"lightbox-gallery-1\"><img src=\"https:\/\/aithusaspringers.com\/hr\/wp-content\/uploads\/sites\/3\/2019\/05\/Cosmo-cacib-Rijeka-1-300x286.jpg\" width=\"300\" height=\"286\" \/><\/a><\/div><div class=\"rl-gallery-item\"><a href=\"https:\/\/aithusaspringers.com\/hr\/wp-content\/uploads\/sites\/3\/2019\/05\/Cosmo-cac-d-selo.jpg\" title=\"\" data-rl_title=\"\" class=\"rl-gallery-link\" data-rl_caption=\"\" data-rel=\"lightbox-gallery-1\"><img src=\"https:\/\/aithusaspringers.com\/hr\/wp-content\/uploads\/sites\/3\/2019\/05\/Cosmo-cac-d-selo-300x187.jpg\" width=\"300\" height=\"187\" \/><\/a><\/div><div class=\"rl-gallery-item\"><a href=\"https:\/\/aithusaspringers.com\/hr\/wp-content\/uploads\/sites\/3\/2019\/05\/Cosmo-5.jpg\" title=\"\" data-rl_title=\"\" class=\"rl-gallery-link\" data-rl_caption=\"\" data-rel=\"lightbox-gallery-1\"><img src=\"https:\/\/aithusaspringers.com\/hr\/wp-content\/uploads\/sites\/3\/2019\/05\/Cosmo-5-300x196.jpg\" width=\"300\" height=\"196\" \/><\/a><\/div> <\/div> <\/div><\/code><\/p>\n","protected":false},"excerpt":{"rendered":"<p>Prvi mu\u017ejak do\u0161ao u na\u0161u uzgajiva\u010dnicu iz poznate uzgajiva\u010dnice Lordsett kao prvobirano \u0161tene vrhunskih izlo\u017ebenih roditelja. Pravi \u0161pringer karakter, razigran, drag, dobro\u0107udan i uvijek spreman udovoljiti. Najvi\u0161e od svega voli dru\u0161tvo svoje ljudske obitelji. &nbsp; U samo dvije godine starosti osvojio: JCH HR JCH SLO<\/p>\n","protected":false},"author":1,"featured_media":0,"parent":0,"menu_order":0,"comment_status":"closed","ping_status":"open","template":"","meta":[],"_links":{"self":[{"href":"https:\/\/aithusaspringers.com\/hr\/index.php?rest_route=\/wp\/v2\/pages\/613"}],"collection":[{"href":"https:\/\/aithusaspringers.com\/hr\/index.php?rest_route=\/wp\/v2\/pages"}],"about":[{"href":"https:\/\/aithusaspringers.com\/hr\/index.php?rest_route=\/wp\/v2\/types\/page"}],"author":[{"embeddable":true,"href":"https:\/\/aithusaspringers.com\/hr\/index.php?rest_route=\/wp\/v2\/users\/1"}],"replies":[{"embeddable":true,"href":"https:\/\/aithusaspringers.com\/hr\/index.php?rest_route=%2Fwp%2Fv2%2Fcomments&post=613"}],"version-history":[{"count":5,"href":"https:\/\/aithusaspringers.com\/hr\/index.php?rest_route=\/wp\/v2\/pages\/613\/revisions"}],"predecessor-version":[{"id":626,"href":"https:\/\/aithusaspringers.com\/hr\/index.php?rest_route=\/wp\/v2\/pages\/613\/revisions\/626"}],"wp:attachment":[{"href":"https:\/\/aithusaspringers.com\/hr\/index.php?rest_route=%2Fwp%2Fv2%2Fmedia&parent=613"}],"curies":[{"name":"wp","href":"https:\/\/api.w.org\/{rel}","templated":true}]}}