{"id":622,"date":"2019-05-09T14:19:28","date_gmt":"2019-05-09T12:19:28","guid":{"rendered":"http:\/\/aithusaspringers.com\/hr\/?page_id=622"},"modified":"2022-01-11T11:22:44","modified_gmt":"2022-01-11T10:22:44","slug":"bright-like-a-diamond-aithusa","status":"publish","type":"page","link":"https:\/\/aithusaspringers.com\/hr\/?page_id=622","title":{"rendered":"Bright Like A Diamond Aithusa"},"content":{"rendered":"<div id=\"pl-622\"  class=\"panel-layout\" ><div id=\"pg-622-0\"  class=\"panel-grid panel-no-style\" ><div id=\"pgc-622-0-0\"  class=\"panel-grid-cell\" ><div id=\"panel-622-0-0-0\" class=\"so-panel widget widget_black-studio-tinymce widget_black_studio_tinymce panel-first-child panel-last-child\" data-index=\"0\" ><div class=\"textwidget\"><p><a href=\"http:\/\/aithusaspringers.com\/hr\/wp-content\/uploads\/sites\/3\/2019\/05\/Dotty-portrait-e1558090559687.jpg\"><img class=\"aligncenter size-large wp-image-678\" src=\"http:\/\/aithusaspringers.com\/hr\/wp-content\/uploads\/sites\/3\/2019\/05\/Dotty-portrait-683x1024.jpg\" alt=\"Dotty portrait\" width=\"683\" height=\"1024\" \/><\/a><\/p>\n<p style=\"text-align: center;\">\u00a0\u0160pringer du\u0161ica na\u0161eg pse\u0107eg \u010dopora. Ro\u0111ena u na\u0161oj ku\u0107i i naprosto prekrasna. I izgledom i svojim temperamentom. Privr\u017eena i draga, uvijek \u017eeljna ljudske pa\u017enje i vremena. Nje\u017ena prema na\u0161oj djeci, a sjajna mama svojim psi\u0107ima.<\/p>\n<h4 style=\"text-align: center;\">Dotty pedigree<\/h4>\n<p style=\"text-align: center;\"><a href=\"http:\/\/aithusaspringers.com\/hr\/wp-content\/uploads\/sites\/3\/2019\/05\/Dotty-pedigree.jpg\"><img class=\"aligncenter size-full wp-image-677\" src=\"http:\/\/aithusaspringers.com\/hr\/wp-content\/uploads\/sites\/3\/2019\/05\/Dotty-pedigree.jpg\" alt=\"Dotty pedigree\" width=\"932\" height=\"548\" \/><\/a><\/p>\n<h4 style=\"text-align: center;\">Dotty photos<\/h4>\n<p style=\"text-align: center;\"><code class=\"rl-shortcode\"><div class=\"rl-gallery-container rl-loading\" id=\"rl-gallery-container-1\" data-gallery_id=\"680\"> <div class=\"rl-gallery rl-basicgrid-gallery \" id=\"rl-gallery-1\" data-gallery_no=\"1\"> <div class=\"rl-gallery-item\"><a href=\"https:\/\/aithusaspringers.com\/hr\/wp-content\/uploads\/sites\/3\/2019\/05\/Dot-jezik.jpg\" title=\"\" data-rl_title=\"\" class=\"rl-gallery-link\" data-rl_caption=\"\" data-rel=\"lightbox-gallery-1\"><img src=\"https:\/\/aithusaspringers.com\/hr\/wp-content\/uploads\/sites\/3\/2019\/05\/Dot-jezik-300x200.jpg\" width=\"300\" height=\"200\" \/><\/a><\/div><div class=\"rl-gallery-item\"><a href=\"https:\/\/aithusaspringers.com\/hr\/wp-content\/uploads\/sites\/3\/2019\/05\/Dot-i-cosmo-jarun.jpg\" title=\"\" data-rl_title=\"\" class=\"rl-gallery-link\" data-rl_caption=\"\" data-rel=\"lightbox-gallery-1\"><img src=\"https:\/\/aithusaspringers.com\/hr\/wp-content\/uploads\/sites\/3\/2019\/05\/Dot-i-cosmo-jarun-300x200.jpg\" width=\"300\" height=\"200\" \/><\/a><\/div><div class=\"rl-gallery-item\"><a href=\"https:\/\/aithusaspringers.com\/hr\/wp-content\/uploads\/sites\/3\/2019\/05\/Dot-Bled-cacib.jpg\" title=\"\" data-rl_title=\"\" class=\"rl-gallery-link\" data-rl_caption=\"\" data-rel=\"lightbox-gallery-1\"><img src=\"https:\/\/aithusaspringers.com\/hr\/wp-content\/uploads\/sites\/3\/2019\/05\/Dot-Bled-cacib-300x212.jpg\" width=\"300\" height=\"212\" \/><\/a><\/div><div class=\"rl-gallery-item\"><a href=\"https:\/\/aithusaspringers.com\/hr\/wp-content\/uploads\/sites\/3\/2019\/05\/Dotty-Rovinj-2017_BOB_resized.jpg\" title=\"\" data-rl_title=\"\" class=\"rl-gallery-link\" data-rl_caption=\"\" data-rel=\"lightbox-gallery-1\"><img src=\"https:\/\/aithusaspringers.com\/hr\/wp-content\/uploads\/sites\/3\/2019\/05\/Dotty-Rovinj-2017_BOB_resized-300x200.jpg\" width=\"300\" height=\"200\" \/><\/a><\/div><div class=\"rl-gallery-item\"><a href=\"https:\/\/aithusaspringers.com\/hr\/wp-content\/uploads\/sites\/3\/2019\/05\/CACIB-ZG-2016-Dotty-Jessie-Booregard_resized.jpg\" title=\"\" data-rl_title=\"\" class=\"rl-gallery-link\" data-rl_caption=\"\" data-rel=\"lightbox-gallery-1\"><img src=\"https:\/\/aithusaspringers.com\/hr\/wp-content\/uploads\/sites\/3\/2019\/05\/CACIB-ZG-2016-Dotty-Jessie-Booregard_resized-300x228.jpg\" width=\"300\" height=\"228\" \/><\/a><\/div><div class=\"rl-gallery-item\"><a href=\"https:\/\/aithusaspringers.com\/hr\/wp-content\/uploads\/sites\/3\/2019\/05\/DottyCosmo_resized.jpg\" title=\"\" data-rl_title=\"\" class=\"rl-gallery-link\" data-rl_caption=\"\" data-rel=\"lightbox-gallery-1\"><img src=\"https:\/\/aithusaspringers.com\/hr\/wp-content\/uploads\/sites\/3\/2019\/05\/DottyCosmo_resized-300x184.jpg\" width=\"300\" height=\"184\" \/><\/a><\/div><div class=\"rl-gallery-item\"><a href=\"https:\/\/aithusaspringers.com\/hr\/wp-content\/uploads\/sites\/3\/2019\/05\/DottyMel_resized.jpg\" title=\"\" data-rl_title=\"\" class=\"rl-gallery-link\" data-rl_caption=\"\" data-rel=\"lightbox-gallery-1\"><img src=\"https:\/\/aithusaspringers.com\/hr\/wp-content\/uploads\/sites\/3\/2019\/05\/DottyMel_resized-300x182.jpg\" width=\"300\" height=\"182\" \/><\/a><\/div><div class=\"rl-gallery-item\"><a href=\"https:\/\/aithusaspringers.com\/hr\/wp-content\/uploads\/sites\/3\/2019\/05\/Dotti-Ljubljana_-Frank-Kane_resized.jpg\" title=\"\" data-rl_title=\"\" class=\"rl-gallery-link\" data-rl_caption=\"\" data-rel=\"lightbox-gallery-1\"><img src=\"https:\/\/aithusaspringers.com\/hr\/wp-content\/uploads\/sites\/3\/2019\/05\/Dotti-Ljubljana_-Frank-Kane_resized-190x300.jpg\" width=\"190\" height=\"300\" \/><\/a><\/div><div class=\"rl-gallery-item\"><a href=\"https:\/\/aithusaspringers.com\/hr\/wp-content\/uploads\/sites\/3\/2019\/05\/Postolje-Rovinj-2017_resized.jpg\" title=\"\" data-rl_title=\"\" class=\"rl-gallery-link\" data-rl_caption=\"\" data-rel=\"lightbox-gallery-1\"><img src=\"https:\/\/aithusaspringers.com\/hr\/wp-content\/uploads\/sites\/3\/2019\/05\/Postolje-Rovinj-2017_resized-300x249.jpg\" width=\"300\" height=\"249\" \/><\/a><\/div><div class=\"rl-gallery-item\"><a href=\"https:\/\/aithusaspringers.com\/hr\/wp-content\/uploads\/sites\/3\/2019\/05\/Cacib-zg-cosmo-i-dotty_resized.jpg\" title=\"\" data-rl_title=\"\" class=\"rl-gallery-link\" data-rl_caption=\"\" data-rel=\"lightbox-gallery-1\"><img src=\"https:\/\/aithusaspringers.com\/hr\/wp-content\/uploads\/sites\/3\/2019\/05\/Cacib-zg-cosmo-i-dotty_resized-300x199.jpg\" width=\"300\" height=\"199\" \/><\/a><\/div><div class=\"rl-gallery-item\"><a href=\"https:\/\/aithusaspringers.com\/hr\/wp-content\/uploads\/sites\/3\/2019\/05\/Gazda-i-iskorak-Rovinj-2017_resized.jpg\" title=\"\" data-rl_title=\"\" class=\"rl-gallery-link\" data-rl_caption=\"\" data-rel=\"lightbox-gallery-1\"><img src=\"https:\/\/aithusaspringers.com\/hr\/wp-content\/uploads\/sites\/3\/2019\/05\/Gazda-i-iskorak-Rovinj-2017_resized-300x189.jpg\" width=\"300\" height=\"189\" \/><\/a><\/div><div class=\"rl-gallery-item\"><a href=\"https:\/\/aithusaspringers.com\/hr\/wp-content\/uploads\/sites\/3\/2019\/05\/CAC-VG-2017-moving-Dotty_resized.jpg\" title=\"\" data-rl_title=\"\" class=\"rl-gallery-link\" data-rl_caption=\"\" data-rel=\"lightbox-gallery-1\"><img src=\"https:\/\/aithusaspringers.com\/hr\/wp-content\/uploads\/sites\/3\/2019\/05\/CAC-VG-2017-moving-Dotty_resized-300x199.jpg\" width=\"300\" height=\"199\" \/><\/a><\/div><div class=\"rl-gallery-item\"><a href=\"https:\/\/aithusaspringers.com\/hr\/wp-content\/uploads\/sites\/3\/2019\/05\/CAC-VG-2018_resized.jpg\" title=\"\" data-rl_title=\"\" class=\"rl-gallery-link\" data-rl_caption=\"\" data-rel=\"lightbox-gallery-1\"><img src=\"https:\/\/aithusaspringers.com\/hr\/wp-content\/uploads\/sites\/3\/2019\/05\/CAC-VG-2018_resized-300x255.jpg\" width=\"300\" height=\"255\" \/><\/a><\/div><div class=\"rl-gallery-item\"><a href=\"https:\/\/aithusaspringers.com\/hr\/wp-content\/uploads\/sites\/3\/2019\/05\/Girl-1_-Dotty-prvi-dan.jpg\" title=\"\" data-rl_title=\"\" class=\"rl-gallery-link\" data-rl_caption=\"\" data-rel=\"lightbox-gallery-1\"><img src=\"https:\/\/aithusaspringers.com\/hr\/wp-content\/uploads\/sites\/3\/2019\/05\/Girl-1_-Dotty-prvi-dan-300x183.jpg\" width=\"300\" height=\"183\" \/><\/a><\/div> <\/div> <\/div><\/code><\/p>\n<\/div><\/div><\/div><\/div><\/div>","protected":false},"excerpt":{"rendered":"<p>\u00a0\u0160pringer du\u0161ica na\u0161eg pse\u0107eg \u010dopora. Ro\u0111ena u na\u0161oj ku\u0107i i naprosto prekrasna. I izgledom i svojim temperamentom. Privr\u017eena i draga, uvijek \u017eeljna ljudske pa\u017enje i vremena. Nje\u017ena prema na\u0161oj djeci, a sjajna mama svojim psi\u0107ima. Dotty pedigree Dotty photos<\/p>\n","protected":false},"author":1,"featured_media":0,"parent":0,"menu_order":0,"comment_status":"closed","ping_status":"open","template":"","meta":[],"_links":{"self":[{"href":"https:\/\/aithusaspringers.com\/hr\/index.php?rest_route=\/wp\/v2\/pages\/622"}],"collection":[{"href":"https:\/\/aithusaspringers.com\/hr\/index.php?rest_route=\/wp\/v2\/pages"}],"about":[{"href":"https:\/\/aithusaspringers.com\/hr\/index.php?rest_route=\/wp\/v2\/types\/page"}],"author":[{"embeddable":true,"href":"https:\/\/aithusaspringers.com\/hr\/index.php?rest_route=\/wp\/v2\/users\/1"}],"replies":[{"embeddable":true,"href":"https:\/\/aithusaspringers.com\/hr\/index.php?rest_route=%2Fwp%2Fv2%2Fcomments&post=622"}],"version-history":[{"count":18,"href":"https:\/\/aithusaspringers.com\/hr\/index.php?rest_route=\/wp\/v2\/pages\/622\/revisions"}],"predecessor-version":[{"id":769,"href":"https:\/\/aithusaspringers.com\/hr\/index.php?rest_route=\/wp\/v2\/pages\/622\/revisions\/769"}],"wp:attachment":[{"href":"https:\/\/aithusaspringers.com\/hr\/index.php?rest_route=%2Fwp%2Fv2%2Fmedia&parent=622"}],"curies":[{"name":"wp","href":"https:\/\/api.w.org\/{rel}","templated":true}]}}